{"id":1151,"date":"2022-05-24T10:27:04","date_gmt":"2022-05-24T08:27:04","guid":{"rendered":"https:\/\/konkurs-instytut-biologii.sarp.warszawa.pl\/?page_id=1151"},"modified":"2025-10-30T11:13:47","modified_gmt":"2025-10-30T10:13:47","slug":"harmonogram","status":"publish","type":"page","link":"https:\/\/konkurs-mleczarnia.sarp.warszawa.pl\/?page_id=1151","title":{"rendered":"Harmonogram"},"content":{"rendered":"\n<div style=\"height:5px\" aria-hidden=\"true\" class=\"wp-block-spacer\"><\/div>\n\n\n\n<hr class=\"wp-block-separator has-alpha-channel-opacity\"\/>\n\n\n\n<div style=\"height:40px\" aria-hidden=\"true\" class=\"wp-block-spacer\"><\/div>\n\n\n\n<figure class=\"wp-block-table\"><table><tbody><tr><td colspan=\"3\"><strong>ETAP KWALIFIKACYJNY<\/strong><\/td><\/tr><tr><td>1.<\/td><td><strong><u>OG\u0141OSZENIE KONKURSU<\/u><\/strong> \u00a0 <br><br>Og\u0142oszenie o konkursie zosta\u0142o przekazane Urz\u0119dowi Publikacji Unii Europejskiej<\/td><td><strong>28.10.2025 r.<\/strong><\/td><\/tr><tr><td>2.<\/td><td><strong><u>WNIOSKI O WYJA\u015aNIENIE TRE\u015aCI REGULAMINU (TURA 1)<\/u><\/strong> \u00a0 <br><br>Zalecany termin sk\u0142adania poprzez Elektroniczn\u0105 Platform\u0119 Konkursow\u0105 wniosk\u00f3w o wyja\u015bnienie tre\u015bci Regulaminu konkursu dotycz\u0105cych w szczeg\u00f3lno\u015bci przygotowania i sk\u0142adania wniosk\u00f3w o dopuszczenie do udzia\u0142u w konkursie. \u00a0 <br><br>Organizator udzieli wyja\u015bnie\u0144 poprzez Elektroniczn\u0105 Platform\u0119 Konkursow\u0105 niezw\u0142ocznie, jednak nie p\u00f3\u017aniej ni\u017c na 2 dni przed up\u0142ywem terminu sk\u0142adania wniosk\u00f3w o dopuszczenie do udzia\u0142u w konkursie.<\/td><td>Do dnia <br><strong>17.11.2025 r.<\/strong><\/td><\/tr><tr><td>3.<\/td><td><strong><u>WNIOSKI O DOPUSZCZENIE DO UDZIA\u0141U W KONKURSIE<\/u><\/strong> \u00a0 <br><br>Ostateczny termin sk\u0142adania poprzez Elektroniczn\u0105 Platform\u0119 Konkursow\u0105 wniosk\u00f3w o dopuszczenie do udzia\u0142u w Konkursie oraz podmiotowych \u015brodk\u00f3w dowodowych, o\u015bwiadcze\u0144 i dokument\u00f3w na potwierdzenie spe\u0142nienia wymaga\u0144 okre\u015blonych przez Organizatora. \u00a0 <br><br><em>Organizator uzyska dost\u0119p do powy\u017cszych dokument\u00f3w elektronicznych dopiero po terminie ich z\u0142o\u017cenia.<\/em><\/td><td>Do dnia <br><strong>21.11.2025<\/strong> <strong>r.<\/strong><\/td><\/tr><tr><td>4.<\/td><td><strong><u>DOPUSZCZENIE DO UDZIA\u0141U W KONKURSIE<\/u><\/strong> \u00a0 <br><br>Ostateczny termin poinformowania Uczestnik\u00f3w konkursu poprzez Elektroniczn\u0105 Platform\u0119 Konkursow\u0105 o dopuszczeniu do udzia\u0142u w Konkursie oraz zaproszenie do sk\u0142adania Opracowa\u0144 studialnych Etapu I lub powiadomienie o niedopuszczeniu do udzia\u0142u w Konkursie.<\/td><td>Do dnia <br><strong>11.12.2025 r.<\/strong><\/td><\/tr><tr><td colspan=\"3\"><strong>ETAP I KONKURSU \u2013 OPRACOWANIA STUDIALNE<\/strong><\/td><\/tr><tr><td>5.<\/td><td><strong><u>WNIOSKI O WYJA\u015aNIENIE TRE\u015aCI REGULAMINU (TURA 2)<\/u><\/strong> \u00a0 <br><br>Zalecany termin sk\u0142adania poprzez Elektroniczn\u0105 Platform\u0119 Konkursow\u0105 wniosk\u00f3w o wyja\u015bnienie tre\u015bci Regulaminu konkursu dotycz\u0105cych w szczeg\u00f3lno\u015bci przygotowania i sk\u0142adania Opracowa\u0144 studialnych. \u00a0 <br><br>Organizator udzieli wyja\u015bnie\u0144 poprzez Elektroniczn\u0105 Platform\u0119 Konkursow\u0105 niezw\u0142ocznie.<\/td><td>Do dnia <br><strong>05.01.2026 r.<\/strong> \u00a0<\/td><\/tr><tr><td>6.<\/td><td><strong><u>OPRACOWANIA STUDIALNE \u2013 SK\u0141ADANIE POSTACI ELKTRONICZNEJ<\/u><\/strong> \u00a0 <br><br>Ostateczny termin sk\u0142adania postaci elektronicznej Opracowa\u0144 studialnych. <br><br>Opracowania studialne w postaci elektronicznej nale\u017cy sk\u0142ada\u0107 poprzez Elektroniczn\u0105 Platform\u0119 Konkursow\u0105. <br><br><em>Organizator uzyska dost\u0119p do powy\u017cszych dokument\u00f3w elektronicznych dopiero po terminie ich z\u0142o\u017cenia.<\/em><\/td><td>Do dnia <br><strong>23.01.2026 r.<\/strong> <br>do godziny<strong> 15.00<\/strong><\/td><\/tr><tr><td>7<\/td><td><strong><u>OPRACOWANIA STUDIALNE \u2013 SK\u0141ADANIE POSTACI FIZYCZNEJ<\/u><\/strong> \u00a0 <br><br>Ostateczny termin sk\u0142adania postaci elektronicznej Opracowa\u0144 studialnych. <br><br>Opracowania studialne w postaci fizycznej nale\u017cy sk\u0142ada\u0107 na adres korespondencyjny Organizatora wskazany w Rozdziale I ust. 1. tj: <br>Oddzia\u0142 Warszawski Stowarzyszenia Architekt\u00f3w Polskich <br>ul. Foksal 2 <br>00-366 Warszawa <br>(godziny pracy od 09.00 do 16.00) <br><br>Do sk\u0142adania Opracowa\u0144 studialnych w postaci fizycznej zastosowanie maj\u0105 tak\u017ce zapisy Rozdzia\u0142u V, ust. 3 pkt. 8) Regulaminu.<\/td><td>Do dnia <br><strong>27.01.2026 r.<\/strong> <br>do godziny<strong> 15.00<\/strong><\/td><\/tr><tr><td>8.<\/td><td><strong><u>KWALIFIKACJA DO ETAPU II KONKURSU<\/u><\/strong> <br><br>Ostateczny termin powiadomienia poprzez Elektroniczn\u0105 Platform\u0119 Konkursow\u0105 Uczestnik\u00f3w konkursu o kwalifikacji do Etapu II Konkursu oraz zaproszenia tych Uczestnik\u00f3w do sk\u0142adania Prac konkursowych.<\/td><td>Do dnia <br><strong>09.02.2026 r.<\/strong><\/td><\/tr><tr><td colspan=\"3\"><strong>ETAP II KONKURSU \u2013 PRACE KONKURSOWE<\/strong><\/td><\/tr><tr><td>9.<\/td><td><strong><u>WNIOSKI O WYJA\u015aNIENIE TRE\u015aCI REGULAMINU (TURA 3)<\/u><\/strong> \u00a0 <br><br>Zalecany termin sk\u0142adania poprzez Elektroniczn\u0105 Platform\u0119 Konkursow\u0105 wniosk\u00f3w o wyja\u015bnienie tre\u015bci Regulaminu konkursu dotycz\u0105cych w szczeg\u00f3lno\u015bci przygotowania i sk\u0142adania Prac konkursowych. \u00a0 <br><br>Organizator udzieli wyja\u015bnie\u0144 poprzez Elektroniczn\u0105 Platform\u0119 Konkursow\u0105 niezw\u0142ocznie.<\/td><td>Do dnia <br><strong>07.04.2026 r.<\/strong><\/td><\/tr><tr><td>10.<\/td><td><strong><u>PRACE KONKURSOWE \u2013 SK\u0141ADANIE POSTACI ELEKTRONICZNEJ<\/u><\/strong> \u00a0 <br><br>Ostateczny termin sk\u0142adania postaci elektronicznej Prac konkursowych. \u00a0 <br><br>Prace konkursowe w postaci elektronicznej nale\u017cy sk\u0142ada\u0107 poprzez Elektroniczn\u0105 Platform\u0119 Konkursow\u0105. <br><br><em>Organizator uzyska dost\u0119p do powy\u017cszych dokument\u00f3w elektronicznych dopiero po terminie ich z\u0142o\u017cenia<\/em>.<\/td><td>Do dnia <br><strong>24.04.2026 r.<\/strong> <br>do godziny <strong>15.00<\/strong><\/td><\/tr><tr><td>\u00a011.<\/td><td><strong><u>PRACE KONKURSOWE \u2013 SK\u0141ADANIE POSTACI FIZYCZNEJ<\/u><\/strong> \u00a0 <br><br>Ostateczny termin sk\u0142adania postaci fizycznej Prac konkursowych. \u00a0 <br><br>Plansze oraz cz\u0119\u015b\u0107 opisow\u0105 Pracy konkursowej w postaci fizycznej nale\u017cy sk\u0142ada\u0107 na adres: korespondencyjny Organizatora wskazany w Rozdziale I ust. 1. tj: <br>Oddzia\u0142 Warszawski Stowarzyszenia Architekt\u00f3w Polskich <br>ul. Foksal 2 <br>00-366 Warszawa <br>(godziny pracy od 09.00 do 16.00) <br><br>Do sk\u0142adania Prac konkursowych w postaci fizycznej zastosowanie maj\u0105 tak\u017ce zapisy Rozdzia\u0142u VII, ust. 3 pkt. 8) Regulaminu.<\/td><td>Do dnia <br><strong>28.04.2026 r.<\/strong> <br>do godziny <strong>15.00<\/strong><\/td><\/tr><tr><td>12.<\/td><td><strong><u>OG\u0141OSZENIE WYNIK\u00d3W KONKURSU<\/u><\/strong> \u00a0 <br><br>Og\u0142oszenie wynik\u00f3w Konkursu na Stronie internetowej Konkursu oraz zawiadomienie poprzez Elektroniczn\u0105 Platform\u0119 Konkursow\u0105 Uczestnik\u00f3w konkursu o wynikach rozstrzygni\u0119cia konkursu. \u00a0 <br><br>W przypadku, gdy Organizator b\u0119dzie organizowa\u0142 oficjalne, publiczne og\u0142oszenie wynik\u00f3w Konkursu, o miejscu i godzinie tego wydarzenia Uczestnicy konkursu zostan\u0105 powiadomieni odr\u0119bnie.<\/td><td>W dniu <br><strong>12.05.2026 r.<\/strong><\/td><\/tr><tr><td>13.<\/td><td><strong><u>WYSTAWA POKONKURSOWA<\/u><\/strong><\/td><td>O dacie wystawy Uczestnicy zostan\u0105 poinformowani odr\u0119bnie<\/td><\/tr><tr><td>14.<\/td><td><strong><u>DYSKUSJA POKONKURSOWA<\/u><\/strong><\/td><td>O dacie dyskusji Uczestnicy zostan\u0105 poinformowani odr\u0119bnie<\/td><\/tr><\/tbody><\/table><\/figure>\n","protected":false},"excerpt":{"rendered":"<p>ETAP KWALIFIKACYJNY 1. OG\u0141OSZENIE KONKURSU \u00a0 Og\u0142oszenie o konkursie zosta\u0142o przekazane Urz\u0119dowi Publikacji Unii Europejskiej 28.10.2025 r. 2. WNIOSKI O WYJA\u015aNIENIE TRE\u015aCI REGULAMINU (TURA 1) \u00a0 Zalecany termin sk\u0142adania poprzez Elektroniczn\u0105 Platform\u0119 Konkursow\u0105 wniosk\u00f3w o wyja\u015bnienie tre\u015bci Regulaminu konkursu dotycz\u0105cych<span class=\"ellipsis\">&hellip;<\/span><\/p>\n<div class=\"read-more\"><a href=\"https:\/\/konkurs-mleczarnia.sarp.warszawa.pl\/?page_id=1151\">Czytaj wi\u0119cej <span class=\"screen-reader-text\">Harmonogram<\/span><span class=\"meta-nav\"> &#8250;<\/span><\/a><\/div>\n<p><!-- end of .read-more --><\/p>\n","protected":false},"author":2,"featured_media":0,"parent":0,"menu_order":0,"comment_status":"closed","ping_status":"closed","template":"","meta":{"footnotes":""},"class_list":["post-1151","page","type-page","status-publish","hentry"],"_links":{"self":[{"href":"https:\/\/konkurs-mleczarnia.sarp.warszawa.pl\/index.php?rest_route=\/wp\/v2\/pages\/1151","targetHints":{"allow":["GET"]}}],"collection":[{"href":"https:\/\/konkurs-mleczarnia.sarp.warszawa.pl\/index.php?rest_route=\/wp\/v2\/pages"}],"about":[{"href":"https:\/\/konkurs-mleczarnia.sarp.warszawa.pl\/index.php?rest_route=\/wp\/v2\/types\/page"}],"author":[{"embeddable":true,"href":"https:\/\/konkurs-mleczarnia.sarp.warszawa.pl\/index.php?rest_route=\/wp\/v2\/users\/2"}],"replies":[{"embeddable":true,"href":"https:\/\/konkurs-mleczarnia.sarp.warszawa.pl\/index.php?rest_route=%2Fwp%2Fv2%2Fcomments&post=1151"}],"version-history":[{"count":7,"href":"https:\/\/konkurs-mleczarnia.sarp.warszawa.pl\/index.php?rest_route=\/wp\/v2\/pages\/1151\/revisions"}],"predecessor-version":[{"id":2301,"href":"https:\/\/konkurs-mleczarnia.sarp.warszawa.pl\/index.php?rest_route=\/wp\/v2\/pages\/1151\/revisions\/2301"}],"wp:attachment":[{"href":"https:\/\/konkurs-mleczarnia.sarp.warszawa.pl\/index.php?rest_route=%2Fwp%2Fv2%2Fmedia&parent=1151"}],"curies":[{"name":"wp","href":"https:\/\/api.w.org\/{rel}","templated":true}]}}