{"id":1153,"date":"2022-05-24T10:29:57","date_gmt":"2022-05-24T08:29:57","guid":{"rendered":"https:\/\/konkurs-instytut-biologii.sarp.warszawa.pl\/?page_id=1153"},"modified":"2025-10-30T10:37:22","modified_gmt":"2025-10-30T09:37:22","slug":"sad-konkursowy","status":"publish","type":"page","link":"https:\/\/konkurs-mleczarnia.sarp.warszawa.pl\/?page_id=1153","title":{"rendered":"S\u0105d Konkursowy"},"content":{"rendered":"\n<div style=\"height:5px\" aria-hidden=\"true\" class=\"wp-block-spacer\"><\/div>\n\n\n\n<hr class=\"wp-block-separator has-alpha-channel-opacity\"\/>\n\n\n\n<div style=\"height:40px\" aria-hidden=\"true\" class=\"wp-block-spacer\"><\/div>\n\n\n\n<p><span style=\"text-decoration: underline;\">S\u0105d Konkursowy sk\u0142ada si\u0119 z 8 os\u00f3b.<\/span><\/p>\n\n\n\n<p>W sk\u0142ad S\u0105du Konkursowego wchodz\u0105:<\/p>\n\n\n\n<p>1. Przewodnicz\u0105cy:<strong><br><strong><strong>arch. <strong>Andrzej Bulanda<\/strong><\/strong><\/strong><\/strong><br>S\u0119dzia Konkursowy Stowarzyszenia Architekt\u00f3w Polskich (SARP) Oddzia\u0142 Warszawski<\/p>\n\n\n\n<p>2. S\u0119dzia referent:<strong><br><strong><strong>arch. <strong>Piotr Szaroszyk<\/strong><\/strong><\/strong><\/strong><br>S\u0119dzia Konkursowy Stowarzyszenia Architekt\u00f3w Polskich (SARP) Oddzia\u0142 Warszawski<\/p>\n\n\n\n<p>3. Asystent S\u0119dziego referenta<br><strong><strong><strong><strong><strong>Micha\u0142 Kielian<\/strong><\/strong><\/strong><\/strong><\/strong> <br>S\u0119dzia Konkursowy Stowarzyszenia Architekt\u00f3w Polskich (SARP) Oddzia\u0142 Warszawski<\/p>\n\n\n\n<p><br>Cz\u0142onkowie:<\/p>\n\n\n\n<p>4. <strong><strong><strong><strong><strong><strong><strong>Robert Widz<\/strong><\/strong><\/strong><\/strong><\/strong><\/strong><\/strong><br>S\u0119dzia ze strony Organizatora<\/p>\n\n\n\n<p>5. <strong><strong><strong><strong><strong><strong><strong>Anna Pakuli\u0144ska-Attia<\/strong><\/strong><\/strong><\/strong><\/strong><\/strong><\/strong><br>S\u0119dzia ze strony Organizatora<\/p>\n\n\n\n<p>6. <strong><strong><strong><strong><strong>arch. Kinga Socha<\/strong><\/strong><\/strong><\/strong><\/strong><br>S\u0119dzia ze strony Organizatora <\/p>\n\n\n\n<p>7. <strong><strong><strong><strong><strong>Leszek Trzmiel<\/strong><\/strong><\/strong><\/strong><\/strong><br>S\u0119dzia ze strony Organizatora <\/p>\n\n\n\n<p>8. <strong><strong><strong><strong><strong>Agnieszka Zubala<\/strong><\/strong><\/strong><\/strong><\/strong><br>S\u0119dzia ze strony Organizatora <\/p>\n\n\n\n<div style=\"height:15px\" aria-hidden=\"true\" class=\"wp-block-spacer\"><\/div>\n\n\n\n<p><span style=\"text-decoration: underline;\">Funkcj\u0119 Sekretarza Konkursu pe\u0142ni:<\/span><br><strong>arch. kraj. Rafa\u0142 Mroczkowski<\/strong><br>S\u0119dzia Konkursowy Stowarzyszenia Architekt\u00f3w Polskich (SARP) Oddzia\u0142 Warszawski<\/p>\n\n\n\n<p>Sekretarz Konkursu nie jest cz\u0142onkiem S\u0105du Konkursowego<\/p>\n","protected":false},"excerpt":{"rendered":"<p>S\u0105d Konkursowy sk\u0142ada si\u0119 z 8 os\u00f3b. W sk\u0142ad S\u0105du Konkursowego wchodz\u0105: 1. Przewodnicz\u0105cy:arch. Andrzej BulandaS\u0119dzia Konkursowy Stowarzyszenia Architekt\u00f3w Polskich (SARP) Oddzia\u0142 Warszawski 2. S\u0119dzia referent:arch. Piotr SzaroszykS\u0119dzia Konkursowy Stowarzyszenia Architekt\u00f3w Polskich (SARP) Oddzia\u0142 Warszawski 3. Asystent S\u0119dziego referentaMicha\u0142 Kielian<span class=\"ellipsis\">&hellip;<\/span><\/p>\n<div class=\"read-more\"><a href=\"https:\/\/konkurs-mleczarnia.sarp.warszawa.pl\/?page_id=1153\">Czytaj wi\u0119cej <span class=\"screen-reader-text\">S\u0105d Konkursowy<\/span><span class=\"meta-nav\"> &#8250;<\/span><\/a><\/div>\n<p><!-- end of .read-more --><\/p>\n","protected":false},"author":2,"featured_media":0,"parent":0,"menu_order":0,"comment_status":"closed","ping_status":"closed","template":"","meta":{"footnotes":""},"class_list":["post-1153","page","type-page","status-publish","hentry"],"_links":{"self":[{"href":"https:\/\/konkurs-mleczarnia.sarp.warszawa.pl\/index.php?rest_route=\/wp\/v2\/pages\/1153","targetHints":{"allow":["GET"]}}],"collection":[{"href":"https:\/\/konkurs-mleczarnia.sarp.warszawa.pl\/index.php?rest_route=\/wp\/v2\/pages"}],"about":[{"href":"https:\/\/konkurs-mleczarnia.sarp.warszawa.pl\/index.php?rest_route=\/wp\/v2\/types\/page"}],"author":[{"embeddable":true,"href":"https:\/\/konkurs-mleczarnia.sarp.warszawa.pl\/index.php?rest_route=\/wp\/v2\/users\/2"}],"replies":[{"embeddable":true,"href":"https:\/\/konkurs-mleczarnia.sarp.warszawa.pl\/index.php?rest_route=%2Fwp%2Fv2%2Fcomments&post=1153"}],"version-history":[{"count":3,"href":"https:\/\/konkurs-mleczarnia.sarp.warszawa.pl\/index.php?rest_route=\/wp\/v2\/pages\/1153\/revisions"}],"predecessor-version":[{"id":2299,"href":"https:\/\/konkurs-mleczarnia.sarp.warszawa.pl\/index.php?rest_route=\/wp\/v2\/pages\/1153\/revisions\/2299"}],"wp:attachment":[{"href":"https:\/\/konkurs-mleczarnia.sarp.warszawa.pl\/index.php?rest_route=%2Fwp%2Fv2%2Fmedia&parent=1153"}],"curies":[{"name":"wp","href":"https:\/\/api.w.org\/{rel}","templated":true}]}}