{"id":1159,"date":"2022-05-24T10:33:06","date_gmt":"2022-05-24T08:33:06","guid":{"rendered":"https:\/\/konkurs-instytut-biologii.sarp.warszawa.pl\/?page_id=1155"},"modified":"2025-10-29T07:51:07","modified_gmt":"2025-10-29T06:51:07","slug":"kryteria-oceny","status":"publish","type":"page","link":"https:\/\/konkurs-mleczarnia.sarp.warszawa.pl\/?page_id=1159","title":{"rendered":"Kryteria oceny"},"content":{"rendered":"\n<div style=\"height:5px\" aria-hidden=\"true\" class=\"wp-block-spacer\"><\/div>\n\n\n\n<hr class=\"wp-block-separator has-alpha-channel-opacity\"\/>\n\n\n\n<div style=\"height:40px\" aria-hidden=\"true\" class=\"wp-block-spacer\"><\/div>\n\n\n\n<p><strong><strong><span style=\"text-decoration: underline;\">KRYTERIA OCENY <strong><strong>OPRACOWA\u0143 STUDIALNYCH<\/strong><\/strong><\/span><\/strong><br><\/strong>Opracowania studialne oceniane b\u0119d\u0105 wed\u0142ug nast\u0119puj\u0105cych kryteri\u00f3w:<\/p>\n\n\n\n<div style=\"height:15px\" aria-hidden=\"true\" class=\"wp-block-spacer\"><\/div>\n\n\n\n<p><strong>Kryteria o znaczeniu pierwszorz\u0119dowym (w tej grupie wymienione poni\u017cej kryteria s\u0105 r\u00f3wnowa\u017cne)<\/strong><\/p>\n\n\n\n<p>a) Trafno\u015b\u0107 wpisania pod wzgl\u0119dem urbanistycznym i architektonicznym obiekt\u00f3w i zagospodarowania terenu w obecny uk\u0142ad tkanki miejskiej.<br><br>b) Atrakcyjno\u015b\u0107 i oryginalno\u015b\u0107 proponowanych rozwi\u0105za\u0144 urbanistycznych i architektonicznych.<br><br>c) Trafno\u015b\u0107 przyj\u0119tych og\u00f3lnych za\u0142o\u017ce\u0144 projektowych wyra\u017caj\u0105cych kierunki i zasady programowania, funkcjonowania i u\u017cytkowania Inwestycji.<br><br>d) Trafno\u015b\u0107 przestrzenna i funkcjonalna po\u0142\u0105czenia nowo projektowanych obiekt\u00f3w z adaptowanym budynkiem Starej Mleczarni.<\/p>\n\n\n\n<div style=\"height:15px\" aria-hidden=\"true\" class=\"wp-block-spacer\"><\/div>\n\n\n\n<p><strong>Kryteria o znaczeniu drugorz\u0119dowym (w tej grupie wymienione poni\u017cej kryteria s\u0105 r\u00f3wnowa\u017cne)<\/strong><\/p>\n\n\n\n<p>a) Zastosowanie rozwi\u0105za\u0144 proekologicznych i energooszcz\u0119dnych oraz ich efektywno\u015b\u0107 i zasadno\u015b\u0107.<\/p>\n\n\n\n<p>b) Zastosowanie rozwi\u0105za\u0144 dedykowanych dla os\u00f3b ze szczeg\u00f3lnymi potrzebami \u2013 dost\u0119pno\u015b\u0107 i inkluzywno\u015b\u0107.<\/p>\n\n\n\n<p>c0 Realno\u015b\u0107 i optymalizacja ekonomiczna przyj\u0119tych rozwi\u0105za\u0144 w odniesieniu do koszt\u00f3w realizacji Inwestycji i koszt\u00f3w jej u\u017cytkowania i utrzymania,<\/p>\n\n\n\n<div style=\"height:15px\" aria-hidden=\"true\" class=\"wp-block-spacer\"><\/div>\n\n\n\n<p><strong><strong><span style=\"text-decoration: underline;\">KRYTERIA OCENY <strong><strong>PRAC KONKURSOWYCH<\/strong><\/strong><\/span><\/strong><br><\/strong>Prace konkursowe oceniane b\u0119d\u0105 wed\u0142ug nast\u0119puj\u0105cych kryteri\u00f3w:<\/p>\n\n\n\n<div style=\"height:15px\" aria-hidden=\"true\" class=\"wp-block-spacer\"><\/div>\n\n\n\n<p><strong>Kryteria o znaczeniu pierwszorz\u0119dowym (w tej grupie wymienione poni\u017cej kryteria s\u0105 r\u00f3wnowa\u017cne)<\/strong><\/p>\n\n\n\n<p>a) Trafno\u015b\u0107 wpisania pod wzgl\u0119dem urbanistycznym i architektonicznym obiekt\u00f3w i zagospodarowania terenu w obecny uk\u0142ad tkanki miejskiej.<br><br>b) Atrakcyjno\u015b\u0107 i oryginalno\u015b\u0107 proponowanych rozwi\u0105za\u0144 urbanistycznych i architektonicznych.<br><br>c) Efektywno\u015b\u0107 i zasadno\u015b\u0107 rozwi\u0105za\u0144 przestrzenno-funkcjonalnych i\u00a0programowych budynk\u00f3w i zagospodarowania.<br><br>d) Zastosowanie rozwi\u0105za\u0144 dedykowanych dla os\u00f3b ze szczeg\u00f3lnymi potrzebami \u2013 dost\u0119pno\u015b\u0107 i inkluzywno\u015b\u0107.<\/p>\n\n\n\n<p>e) Zastosowanie rozwi\u0105za\u0144 proekologicznych i energooszcz\u0119dnych oraz ich efektywno\u015b\u0107 i zasadno\u015b\u0107.<\/p>\n\n\n\n<div style=\"height:15px\" aria-hidden=\"true\" class=\"wp-block-spacer\"><\/div>\n\n\n\n<p><strong>Kryterium o znaczeniu drugorz\u0119dowym<\/strong><\/p>\n\n\n\n<p>a) Realno\u015b\u0107 i optymalizacja ekonomiczna przyj\u0119tych rozwi\u0105za\u0144 w odniesieniu do koszt\u00f3w realizacji Inwestycji i koszt\u00f3w jej u\u017cytkowania i utrzymania.<\/p>\n","protected":false},"excerpt":{"rendered":"<p>KRYTERIA OCENY OPRACOWA\u0143 STUDIALNYCHOpracowania studialne oceniane b\u0119d\u0105 wed\u0142ug nast\u0119puj\u0105cych kryteri\u00f3w: Kryteria o znaczeniu pierwszorz\u0119dowym (w tej grupie wymienione poni\u017cej kryteria s\u0105 r\u00f3wnowa\u017cne) a) Trafno\u015b\u0107 wpisania pod wzgl\u0119dem urbanistycznym i architektonicznym obiekt\u00f3w i zagospodarowania terenu w obecny uk\u0142ad tkanki miejskiej. b)<span class=\"ellipsis\">&hellip;<\/span><\/p>\n<div class=\"read-more\"><a href=\"https:\/\/konkurs-mleczarnia.sarp.warszawa.pl\/?page_id=1159\">Czytaj wi\u0119cej <span class=\"screen-reader-text\">Kryteria oceny<\/span><span class=\"meta-nav\"> &#8250;<\/span><\/a><\/div>\n<p><!-- end of .read-more --><\/p>\n","protected":false},"author":2,"featured_media":0,"parent":0,"menu_order":0,"comment_status":"closed","ping_status":"closed","template":"","meta":{"footnotes":""},"class_list":["post-1159","page","type-page","status-publish","hentry"],"_links":{"self":[{"href":"https:\/\/konkurs-mleczarnia.sarp.warszawa.pl\/index.php?rest_route=\/wp\/v2\/pages\/1159","targetHints":{"allow":["GET"]}}],"collection":[{"href":"https:\/\/konkurs-mleczarnia.sarp.warszawa.pl\/index.php?rest_route=\/wp\/v2\/pages"}],"about":[{"href":"https:\/\/konkurs-mleczarnia.sarp.warszawa.pl\/index.php?rest_route=\/wp\/v2\/types\/page"}],"author":[{"embeddable":true,"href":"https:\/\/konkurs-mleczarnia.sarp.warszawa.pl\/index.php?rest_route=\/wp\/v2\/users\/2"}],"replies":[{"embeddable":true,"href":"https:\/\/konkurs-mleczarnia.sarp.warszawa.pl\/index.php?rest_route=%2Fwp%2Fv2%2Fcomments&post=1159"}],"version-history":[{"count":1,"href":"https:\/\/konkurs-mleczarnia.sarp.warszawa.pl\/index.php?rest_route=\/wp\/v2\/pages\/1159\/revisions"}],"predecessor-version":[{"id":2261,"href":"https:\/\/konkurs-mleczarnia.sarp.warszawa.pl\/index.php?rest_route=\/wp\/v2\/pages\/1159\/revisions\/2261"}],"wp:attachment":[{"href":"https:\/\/konkurs-mleczarnia.sarp.warszawa.pl\/index.php?rest_route=%2Fwp%2Fv2%2Fmedia&parent=1159"}],"curies":[{"name":"wp","href":"https:\/\/api.w.org\/{rel}","templated":true}]}}